{"id":1148,"date":"2025-01-15T11:39:56","date_gmt":"2025-01-15T10:39:56","guid":{"rendered":"https:\/\/www.sellami-group.com\/filiales-du-groupe\/"},"modified":"2025-06-03T11:14:22","modified_gmt":"2025-06-03T09:14:22","slug":"our-groups-subsidiaries","status":"publish","type":"page","link":"https:\/\/www.sellami-group.com\/en\/our-groups-subsidiaries\/","title":{"rendered":"Our Group\u2019s Subsidiaries"},"content":{"rendered":"<section class=\"wpb-content-wrapper\"><p>[vc_row full_width=&#8221;stretch_row&#8221; css=&#8221;.vc_custom_1736964965043{padding-top: 50px !important;padding-bottom: 50px !important;}&#8221; el_class=&#8221;f_1&#8243;][vc_column][vc_column_text el_class=&#8221;center_title&#8221;]<\/p>\n<h2>Nos filiales du groupe<\/h2>\n<p>[\/vc_column_text][\/vc_column][\/vc_row][vc_row][vc_column width=&#8221;1\/3&#8243;]<div id=\"cz_72645\" class=\"cz_72645 cz_image clr cz_image_no_fx center_on_mobile img_bloc\"><div class=\"\" ><div class=\"cz_image_in\"><div class=\"cz_main_image\"><img decoding=\"async\" width=\"409\" height=\"418\" src=\"https:\/\/www.sellami-group.com\/wp-content\/uploads\/2025\/01\/cga-sellami-group.jpg\" class=\"attachment-full\" alt=\"\" title=\"cga-sellami-group\" srcset=\"https:\/\/www.sellami-group.com\/wp-content\/uploads\/2025\/01\/cga-sellami-group.jpg 409w, https:\/\/www.sellami-group.com\/wp-content\/uploads\/2025\/01\/cga-sellami-group-294x300.jpg 294w\" sizes=\"(max-width: 409px) 100vw, 409px\" \/><\/div><\/div><div class=\"cz_image_caption mt10\"><h3>CGA :<\/h3>\n<p><b>COMPTOIR GENERAL AUTOMOBILES<\/b><br \/>\nDistribution en gros les pi\u00e8ces d\u00e9tach\u00e9es automobile.<\/div><\/div><\/div>[\/vc_column][vc_column width=&#8221;1\/3&#8243;]<a href=\"\/stsm\"><div id=\"cz_43142\" class=\"cz_43142 cz_image clr cz_image_no_fx center_on_mobile img_bloc\"><div class=\"\" ><div class=\"cz_image_in\"><div class=\"cz_main_image\"><img decoding=\"async\" width=\"409\" height=\"418\" src=\"https:\/\/www.sellami-group.com\/wp-content\/uploads\/2025\/01\/stsm.jpg\" class=\"attachment-full\" alt=\"\" title=\"stsm\" srcset=\"https:\/\/www.sellami-group.com\/wp-content\/uploads\/2025\/01\/stsm.jpg 409w, https:\/\/www.sellami-group.com\/wp-content\/uploads\/2025\/01\/stsm-294x300.jpg 294w\" sizes=\"(max-width: 409px) 100vw, 409px\" \/><\/div><\/div><div class=\"cz_image_caption mt10\"><h3>STSM :<\/h3>\n<p><strong>SFAX TUNISIE SERVICES MERCEDES<\/strong><br \/>\nSous concessionnaire Mercedes-Benz-Sfax agent agr\u00e9\u00e9 \u00ab LE MOTEUR \u00bb.<\/div><\/div><\/div><\/a>[\/vc_column][vc_column width=&#8221;1\/3&#8243;]<a href=\"\/asp\"><div id=\"cz_51992\" class=\"cz_51992 cz_image clr cz_image_no_fx center_on_mobile img_bloc\"><div class=\"\" ><div class=\"cz_image_in\"><div class=\"cz_main_image\"><img decoding=\"async\" width=\"409\" height=\"418\" src=\"https:\/\/www.sellami-group.com\/wp-content\/uploads\/2025\/01\/asp.jpg\" class=\"attachment-full\" alt=\"\" title=\"asp\" srcset=\"https:\/\/www.sellami-group.com\/wp-content\/uploads\/2025\/01\/asp.jpg 409w, https:\/\/www.sellami-group.com\/wp-content\/uploads\/2025\/01\/asp-294x300.jpg 294w\" sizes=\"(max-width: 409px) 100vw, 409px\" \/><\/div><\/div><div class=\"cz_image_caption mt10\"><h3>ASP :<\/h3>\n<p><strong>ASIAN SPARE PARTS<\/strong><br \/>\nVente pi\u00e8ces de rechange Hyndai, Kia et Chevrolet ( D\u00e9tails, Gros)<\/div><\/div><\/div><\/a>[\/vc_column][\/vc_row]<\/p>\n<\/section>","protected":false},"excerpt":{"rendered":"<p>ASP, STSM, CGA&#8230; &#8230; <\/p>\n","protected":false},"author":1,"featured_media":1008,"parent":0,"menu_order":0,"comment_status":"closed","ping_status":"closed","template":"","meta":{"inline_featured_image":false,"footnotes":""},"yst_prominent_words":[],"class_list":["post-1148","page","type-page","status-publish","has-post-thumbnail","hentry"],"_links":{"self":[{"href":"https:\/\/www.sellami-group.com\/en\/wp-json\/wp\/v2\/pages\/1148","targetHints":{"allow":["GET"]}}],"collection":[{"href":"https:\/\/www.sellami-group.com\/en\/wp-json\/wp\/v2\/pages"}],"about":[{"href":"https:\/\/www.sellami-group.com\/en\/wp-json\/wp\/v2\/types\/page"}],"author":[{"embeddable":true,"href":"https:\/\/www.sellami-group.com\/en\/wp-json\/wp\/v2\/users\/1"}],"replies":[{"embeddable":true,"href":"https:\/\/www.sellami-group.com\/en\/wp-json\/wp\/v2\/comments?post=1148"}],"version-history":[{"count":1,"href":"https:\/\/www.sellami-group.com\/en\/wp-json\/wp\/v2\/pages\/1148\/revisions"}],"predecessor-version":[{"id":1159,"href":"https:\/\/www.sellami-group.com\/en\/wp-json\/wp\/v2\/pages\/1148\/revisions\/1159"}],"wp:featuredmedia":[{"embeddable":true,"href":"https:\/\/www.sellami-group.com\/en\/wp-json\/wp\/v2\/media\/1008"}],"wp:attachment":[{"href":"https:\/\/www.sellami-group.com\/en\/wp-json\/wp\/v2\/media?parent=1148"}],"wp:term":[{"taxonomy":"yst_prominent_words","embeddable":true,"href":"https:\/\/www.sellami-group.com\/en\/wp-json\/wp\/v2\/yst_prominent_words?post=1148"}],"curies":[{"name":"wp","href":"https:\/\/api.w.org\/{rel}","templated":true}]}}