{"id":1145,"date":"2025-04-02T17:49:01","date_gmt":"2025-04-02T15:49:01","guid":{"rendered":"https:\/\/www.sellami-group.com\/blog\/"},"modified":"2025-04-02T17:49:01","modified_gmt":"2025-04-02T15:49:01","slug":"blog","status":"publish","type":"page","link":"https:\/\/www.sellami-group.com\/en\/blog\/","title":{"rendered":"Blog"},"content":{"rendered":"<section class=\"wpb-content-wrapper\"><p>[vc_row el_class=&#8221;news_section&#8221;][vc_column][vc_row_inner][vc_column_inner]<div id=\"cz_40381\" class=\"cz_40381 cz_title clr cz_title_pos_inline\"><div class=\"cz_title_content\"><div class=\"cz_wpe_content\"><p>Tous les articles<\/p>\n<h2>Bienvenue dans nos actualit\u00e9s<\/h2>\n<\/div><\/div><\/div>[\/vc_column_inner][\/vc_row_inner]<div id=\"cz5412\" class=\"cz5412 slick arrows_mlr no_dots\" data-slick='{\"selector\":\"\",\"slidesToShow\":3,\"slidesToScroll\":1,\"rows\":1,\"fade\":false,\"vertical\":false,\"verticalSwiping\":false,\"infinite\":false,\"speed\":1000,\"swipeToSlide\":true,\"centerMode\":false,\"centerPadding\":\"\",\"variableWidth\":false,\"autoplay\":false,\"autoplaySpeed\":4000,\"dots\":true,\"counts\":false,\"adaptiveHeight\":false,\"responsive\":[{\"breakpoint\":769,\"settings\":{\"slidesToShow\":2,\"slidesToScroll\":1,\"touchMove\":true}},{\"breakpoint\":481,\"settings\":{\"slidesToShow\":1,\"slidesToScroll\":1,\"touchMove\":true}}]}' data-slick-prev=\"fa fa-chevron-left\" data-slick-next=\"fa fa-chevron-right\"><div id=\"cz_25290\" class=\"cz_25290\"><div class=\"cz_grid cz_grid_1 clr cz_grid_carousel cz_grid_1_title_sub_after cz_grid_1_bot tal\" data-atts='{\"action\":\"cz_ajax_posts\",\"post_class\":\"cz_grid_item\",\"post__in\":null,\"author__in\":null,\"nonce\":\"f3f59bb721\",\"nonce_id\":\"cz_25290\",\"loadmore_end\":\"Not found more posts\",\"layout\":\"cz_grid_carousel\",\"hover\":\"cz_grid_1_title_sub_after\",\"image_size\":\"codevz_600_600\",\"subtitles\":\"%5B%7B%22t%22%3A%22date%22%7D%2C%7B%22t%22%3A%22cats%22%7D%5D\",\"subtitle_pos\":\"\",\"icon\":\"fa fa-search\",\"el\":\"\",\"title_lenght\":\"\",\"cat_tax\":\"category\",\"cat\":\"\",\"cat_exclude\":\"\",\"tag_tax\":\"post_tag\",\"tag_id\":\"\",\"tag_exclude\":\"\",\"post_type\":\"post\",\"posts_per_page\":\"3\",\"order\":\"DESC\",\"orderby\":\"date\",\"tilt_data\":null,\"svg_sizes\":[\"600\",\"600\"],\"img_fx\":\"\",\"custom_size\":\"\",\"excerpt_rm\":false,\"title_tag\":\"h3\",\"s\":\"\"}'><div class=\"cz_grid_item cz_grid_first\"><\/div><div data-id=\"1190\" class=\"cz_grid_item  cz_posts_list_even post-1190 post type-post status-publish format-standard has-post-thumbnail hentry category-actualite-en\"><div class=\"clr\"><a class=\"cz_grid_link\" href=\"https:\/\/www.sellami-group.com\/en\/inauguration-of-the-new-actros-2042s-4x2-truck\/\" title=\"Inauguration of the new Actros 2042S 4\u00d72 truck\"><img decoding=\"async\" width=\"600\" height=\"600\" src=\"https:\/\/www.sellami-group.com\/wp-content\/uploads\/2025\/01\/camion-actros-2042S-600x600.jpg\" class=\"attachment-codevz_600_600\" alt=\"\" title=\"camion-actros-2042S\" srcset=\"https:\/\/www.sellami-group.com\/wp-content\/uploads\/2025\/01\/camion-actros-2042S-600x600.jpg 600w, https:\/\/www.sellami-group.com\/wp-content\/uploads\/2025\/01\/camion-actros-2042S-150x150.jpg 150w\" sizes=\"(max-width: 600px) 100vw, 600px\" \/><div class=\"cz_grid_details\"><i class=\"fa fa-search cz_grid_icon\"><\/i><\/div><\/a><div class=\"cz_grid_details cz_grid_details_outside\"><a class=\"cz_grid_title\" href=\"https:\/\/www.sellami-group.com\/en\/inauguration-of-the-new-actros-2042s-4x2-truck\/\"><h3>Inauguration of the new Actros 2042S 4\u00d72 truck<\/h3><\/a><small class=\"clr\"><span class=\"cz_post_data cz_data_date\"><a href=\"https:\/\/www.sellami-group.com\/en\/inauguration-of-the-new-actros-2042s-4x2-truck\/\">16 January<\/a><\/span><span class=\"cz_post_data cz_data_cats\"><a href=\"https:\/\/www.sellami-group.com\/en\/category\/actualite-en\/\" rel=\"tag\">News<\/a><\/span><\/small><\/div><\/div><\/div><div data-id=\"1191\" class=\"cz_grid_item  cz_posts_list_odd post-1191 post type-post status-publish format-standard has-post-thumbnail hentry category-actualite-en\"><div class=\"clr\"><a class=\"cz_grid_link\" href=\"https:\/\/www.sellami-group.com\/en\/inauguration-of-the-glc-200-at-stsm-authorized-mercedes-benz-dealership\/\" title=\"Inauguration of the GLC 200 at STSM, authorized Mercedes-Benz dealership\"><img decoding=\"async\" width=\"600\" height=\"600\" src=\"https:\/\/www.sellami-group.com\/wp-content\/uploads\/2025\/01\/GLC-200-STSM-agence-agree-Mercedes-benz-600x600.jpg\" class=\"attachment-codevz_600_600\" alt=\"\" title=\"GLC-200-STSM-agence-agr\u00e9\u00e9-Mercedes-benz\" srcset=\"https:\/\/www.sellami-group.com\/wp-content\/uploads\/2025\/01\/GLC-200-STSM-agence-agree-Mercedes-benz-600x600.jpg 600w, https:\/\/www.sellami-group.com\/wp-content\/uploads\/2025\/01\/GLC-200-STSM-agence-agree-Mercedes-benz-150x150.jpg 150w\" sizes=\"(max-width: 600px) 100vw, 600px\" \/><div class=\"cz_grid_details\"><i class=\"fa fa-search cz_grid_icon\"><\/i><\/div><\/a><div class=\"cz_grid_details cz_grid_details_outside\"><a class=\"cz_grid_title\" href=\"https:\/\/www.sellami-group.com\/en\/inauguration-of-the-glc-200-at-stsm-authorized-mercedes-benz-dealership\/\"><h3>Inauguration of the GLC 200 at STSM, authorized Mercedes-Benz dealership<\/h3><\/a><small class=\"clr\"><span class=\"cz_post_data cz_data_date\"><a href=\"https:\/\/www.sellami-group.com\/en\/inauguration-of-the-glc-200-at-stsm-authorized-mercedes-benz-dealership\/\">16 January<\/a><\/span><span class=\"cz_post_data cz_data_cats\"><a href=\"https:\/\/www.sellami-group.com\/en\/category\/actualite-en\/\" rel=\"tag\">News<\/a><\/span><\/small><\/div><\/div><\/div><div data-id=\"1192\" class=\"cz_grid_item  cz_posts_list_even post-1192 post type-post status-publish format-standard has-post-thumbnail hentry category-actualite-en\"><div class=\"clr\"><a class=\"cz_grid_link\" href=\"https:\/\/www.sellami-group.com\/en\/partenaire-du-congres-medical-une-experience-riche-en-echanges-et-rencontres\/\" title=\"Partenaire du Congr\u00e8s M\u00e9dical : Une Exp\u00e9rience Riche en \u00c9changes et Rencontres\"><img decoding=\"async\" width=\"600\" height=\"600\" src=\"https:\/\/www.sellami-group.com\/wp-content\/uploads\/2025\/03\/Congres-Medical-7-600x600.jpg\" class=\"attachment-codevz_600_600\" alt=\"\" title=\"Congres-Medical-7\" srcset=\"https:\/\/www.sellami-group.com\/wp-content\/uploads\/2025\/03\/Congres-Medical-7-600x600.jpg 600w, https:\/\/www.sellami-group.com\/wp-content\/uploads\/2025\/03\/Congres-Medical-7-150x150.jpg 150w\" sizes=\"(max-width: 600px) 100vw, 600px\" \/><div class=\"cz_grid_details\"><i class=\"fa fa-search cz_grid_icon\"><\/i><\/div><\/a><div class=\"cz_grid_details cz_grid_details_outside\"><a class=\"cz_grid_title\" href=\"https:\/\/www.sellami-group.com\/en\/partenaire-du-congres-medical-une-experience-riche-en-echanges-et-rencontres\/\"><h3>Partenaire du Congr\u00e8s M\u00e9dical : Une Exp\u00e9rience Riche en \u00c9changes et Rencontres<\/h3><\/a><small class=\"clr\"><span class=\"cz_post_data cz_data_date\"><a href=\"https:\/\/www.sellami-group.com\/en\/partenaire-du-congres-medical-une-experience-riche-en-echanges-et-rencontres\/\">24 May<\/a><\/span><span class=\"cz_post_data cz_data_cats\"><a href=\"https:\/\/www.sellami-group.com\/en\/category\/actualite-en\/\" rel=\"tag\">News<\/a><\/span><\/small><\/div><\/div><\/div><\/div><\/div><\/div><div data-cz-style='#cz5412 .slick-list{margin: 0 -5px;clip-path:inset(0 5px 0 5px)}#cz5412 .slick-slide{margin: 0 5px}'><\/div>[\/vc_column][\/vc_row]<\/p>\n<\/section>","protected":false},"excerpt":{"rendered":"<p>[vc_row el_class=&#8221;news_section&#8221;][vc_column][vc_row_inner][vc_column_inner][\/vc_column_inner][\/vc_row_inner][\/vc_column][\/vc_row] &#8230; <a class=\"cz_readmore\" href=\"https:\/\/www.sellami-group.com\/en\/partenaire-du-congres-medical-une-experience-riche-en-echanges-et-rencontres\/\"><i class=\"fa fa-angle-right\" aria-hidden=\"true\"><\/i><span>Lire plus<\/span><\/a><\/p>\n","protected":false},"author":1,"featured_media":0,"parent":0,"menu_order":0,"comment_status":"closed","ping_status":"closed","template":"","meta":{"inline_featured_image":false,"footnotes":""},"yst_prominent_words":[],"class_list":["post-1145","page","type-page","status-publish","hentry"],"_links":{"self":[{"href":"https:\/\/www.sellami-group.com\/en\/wp-json\/wp\/v2\/pages\/1145","targetHints":{"allow":["GET"]}}],"collection":[{"href":"https:\/\/www.sellami-group.com\/en\/wp-json\/wp\/v2\/pages"}],"about":[{"href":"https:\/\/www.sellami-group.com\/en\/wp-json\/wp\/v2\/types\/page"}],"author":[{"embeddable":true,"href":"https:\/\/www.sellami-group.com\/en\/wp-json\/wp\/v2\/users\/1"}],"replies":[{"embeddable":true,"href":"https:\/\/www.sellami-group.com\/en\/wp-json\/wp\/v2\/comments?post=1145"}],"version-history":[{"count":0,"href":"https:\/\/www.sellami-group.com\/en\/wp-json\/wp\/v2\/pages\/1145\/revisions"}],"wp:attachment":[{"href":"https:\/\/www.sellami-group.com\/en\/wp-json\/wp\/v2\/media?parent=1145"}],"wp:term":[{"taxonomy":"yst_prominent_words","embeddable":true,"href":"https:\/\/www.sellami-group.com\/en\/wp-json\/wp\/v2\/yst_prominent_words?post=1145"}],"curies":[{"name":"wp","href":"https:\/\/api.w.org\/{rel}","templated":true}]}}